{"id":25429,"date":"2023-11-15T21:38:49","date_gmt":"2023-11-15T21:38:49","guid":{"rendered":"https:\/\/institutondopastoreio.com.br\/site\/?page_id=25429"},"modified":"2023-11-17T21:59:51","modified_gmt":"2023-11-17T21:59:51","slug":"lenda-2","status":"publish","type":"page","link":"https:\/\/institutondopastoreio.com.br\/?page_id=25429","title":{"rendered":"Estatutos"},"content":{"rendered":"\t\t<div data-elementor-type=\"wp-post\" data-elementor-id=\"25429\" class=\"elementor elementor-25429\" data-elementor-post-type=\"page\">\n\t\t\t\t\t\t<section class=\"elementor-section elementor-top-section elementor-element elementor-element-9690a79 elementor-section-boxed elementor-section-height-default elementor-section-height-default\" data-id=\"9690a79\" data-element_type=\"section\" data-e-type=\"section\" data-settings=\"{&quot;background_background&quot;:&quot;classic&quot;}\">\n\t\t\t\t\t\t\t<div class=\"elementor-background-overlay\"><\/div>\n\t\t\t\t\t\t\t<div class=\"elementor-container elementor-column-gap-default\">\n\t\t\t\t\t<div class=\"elementor-column elementor-col-100 elementor-top-column elementor-element elementor-element-69d31e9\" data-id=\"69d31e9\" data-element_type=\"column\" data-e-type=\"column\">\n\t\t\t<div class=\"elementor-widget-wrap elementor-element-populated\">\n\t\t\t\t\t\t<div class=\"elementor-element elementor-element-b3f3576 elementor-widget elementor-widget-image-box\" data-id=\"b3f3576\" data-element_type=\"widget\" data-e-type=\"widget\" data-widget_type=\"image-box.default\">\n\t\t\t\t<div class=\"elementor-widget-container\">\n\t\t\t\t\t<div class=\"elementor-image-box-wrapper\"><div class=\"elementor-image-box-content\"><h1 class=\"elementor-image-box-title\">Estatutos<\/h1><\/div><\/div>\t\t\t\t<\/div>\n\t\t\t\t<\/div>\n\t\t\t\t\t<\/div>\n\t\t<\/div>\n\t\t\t\t\t<\/div>\n\t\t<\/section>\n\t\t\t\t<section class=\"elementor-section elementor-top-section elementor-element elementor-element-3j9sdme elementor-reverse-mobile elementor-section-boxed elementor-section-height-default elementor-section-height-default\" data-id=\"3j9sdme\" data-element_type=\"section\" data-e-type=\"section\" data-settings=\"{&quot;background_background&quot;:&quot;classic&quot;}\">\n\t\t\t\t\t\t\t<div class=\"elementor-background-overlay\"><\/div>\n\t\t\t\t\t\t\t<div class=\"elementor-container elementor-column-gap-default\">\n\t\t\t\t\t<div class=\"elementor-column elementor-col-50 elementor-top-column elementor-element elementor-element-0ae65ec\" data-id=\"0ae65ec\" data-element_type=\"column\" data-e-type=\"column\" data-settings=\"{&quot;background_background&quot;:&quot;classic&quot;}\">\n\t\t\t<div class=\"elementor-widget-wrap elementor-element-populated\">\n\t\t\t\t\t\t<div class=\"elementor-element elementor-element-e62c54e elementor-widget elementor-widget-heading\" data-id=\"e62c54e\" data-element_type=\"widget\" data-e-type=\"widget\" data-widget_type=\"heading.default\">\n\t\t\t\t<div class=\"elementor-widget-container\">\n\t\t\t\t\t<h2 class=\"elementor-heading-title elementor-size-default\">Acesse aqui os arquivos pdf dos estatutos do Instituto<\/h2>\t\t\t\t<\/div>\n\t\t\t\t<\/div>\n\t\t\t\t<div class=\"elementor-element elementor-element-e1d17a4 elementor-widget elementor-widget-heading\" data-id=\"e1d17a4\" data-element_type=\"widget\" data-e-type=\"widget\" data-widget_type=\"heading.default\">\n\t\t\t\t<div class=\"elementor-widget-container\">\n\t\t\t\t\t<h2 class=\"elementor-heading-title elementor-size-default\"><a href=\"http:\/\/institutondopastoreio.com.br\/site\/wp-content\/uploads\/2015\/03\/INST-NEGRINHO-PASTOREIO-ESTATUTO-PG-01.pdf\" target=\"_blank\">NEGRINHO-PASTOREIO-ESTATUTO-PG-01.pdf<\/a><\/h2>\t\t\t\t<\/div>\n\t\t\t\t<\/div>\n\t\t\t\t<div class=\"elementor-element elementor-element-200bc83 elementor-widget elementor-widget-heading\" data-id=\"200bc83\" data-element_type=\"widget\" data-e-type=\"widget\" data-widget_type=\"heading.default\">\n\t\t\t\t<div class=\"elementor-widget-container\">\n\t\t\t\t\t<h2 class=\"elementor-heading-title elementor-size-default\"><a href=\"http:\/\/institutondopastoreio.com.br\/site\/wp-content\/uploads\/2015\/03\/INST-NEGRINHO-PASTOREIO-ESTATUTO-PG-02.pdf\" target=\"_blank\">NEGRINHO-PASTOREIO-ESTATUTO-PG-02.pdf<\/a><\/h2>\t\t\t\t<\/div>\n\t\t\t\t<\/div>\n\t\t\t\t<div class=\"elementor-element elementor-element-0d0de03 elementor-widget elementor-widget-heading\" data-id=\"0d0de03\" data-element_type=\"widget\" data-e-type=\"widget\" data-widget_type=\"heading.default\">\n\t\t\t\t<div class=\"elementor-widget-container\">\n\t\t\t\t\t<h2 class=\"elementor-heading-title elementor-size-default\"><a href=\"http:\/\/institutondopastoreio.com.br\/site\/wp-content\/uploads\/2015\/03\/INST-NEGRINHO-PASTOREIO-ESTATUTO-PG-03.pdf\" target=\"_blank\">NEGRINHO-PASTOREIO-ESTATUTO-PG-03.pdf<\/a><\/h2>\t\t\t\t<\/div>\n\t\t\t\t<\/div>\n\t\t\t\t<div class=\"elementor-element elementor-element-02a7dec elementor-widget elementor-widget-heading\" data-id=\"02a7dec\" data-element_type=\"widget\" data-e-type=\"widget\" data-widget_type=\"heading.default\">\n\t\t\t\t<div class=\"elementor-widget-container\">\n\t\t\t\t\t<h2 class=\"elementor-heading-title elementor-size-default\"><a href=\"http:\/\/institutondopastoreio.com.br\/site\/wp-content\/uploads\/2015\/03\/INST-NEGRINHO-PASTOREIO-ESTATUTO-PG-04.pdf\" target=\"_blank\">NEGRINHO-PASTOREIO-ESTATUTO-PG-04.pdf<\/a><\/h2>\t\t\t\t<\/div>\n\t\t\t\t<\/div>\n\t\t\t\t<div class=\"elementor-element elementor-element-78d8baa elementor-widget elementor-widget-heading\" data-id=\"78d8baa\" data-element_type=\"widget\" data-e-type=\"widget\" data-widget_type=\"heading.default\">\n\t\t\t\t<div class=\"elementor-widget-container\">\n\t\t\t\t\t<h2 class=\"elementor-heading-title elementor-size-default\"><a href=\"http:\/\/institutondopastoreio.com.br\/site\/wp-content\/uploads\/2015\/03\/INST-NEGRINHO-PASTOREIO-ESTATUTO-PG-05-VERSO.pdf\" target=\"_blank\">NEGRINHO-PASTOREIO-ESTATUTO-PG-05.pdf<\/a><\/h2>\t\t\t\t<\/div>\n\t\t\t\t<\/div>\n\t\t\t\t<div class=\"elementor-element elementor-element-52cd1db elementor-widget elementor-widget-heading\" data-id=\"52cd1db\" data-element_type=\"widget\" data-e-type=\"widget\" data-widget_type=\"heading.default\">\n\t\t\t\t<div class=\"elementor-widget-container\">\n\t\t\t\t\t<h2 class=\"elementor-heading-title elementor-size-default\"><a href=\"http:\/\/institutondopastoreio.com.br\/site\/wp-content\/uploads\/2015\/03\/INST-NEGRINHO-PASTOREIO-ESTATUTO-PG-05.pdf\" target=\"_blank\">NEGRINHO-PASTOREIO-ESTATUTO-PG-06.pdf<\/a><\/h2>\t\t\t\t<\/div>\n\t\t\t\t<\/div>\n\t\t\t\t\t<\/div>\n\t\t<\/div>\n\t\t\t\t<div class=\"elementor-column elementor-col-50 elementor-top-column elementor-element elementor-element-a7170cb\" data-id=\"a7170cb\" data-element_type=\"column\" data-e-type=\"column\">\n\t\t\t<div class=\"elementor-widget-wrap elementor-element-populated\">\n\t\t\t\t\t\t<div class=\"elementor-element elementor-element-fb08c38 elementor-widget elementor-widget-heading\" data-id=\"fb08c38\" data-element_type=\"widget\" data-e-type=\"widget\" data-widget_type=\"heading.default\">\n\t\t\t\t<div class=\"elementor-widget-container\">\n\t\t\t\t\t<h2 class=\"elementor-heading-title elementor-size-default\">Estatutos do Instituto e Piquete Negrino do Pastoreio \n<\/h2>\t\t\t\t<\/div>\n\t\t\t\t<\/div>\n\t\t\t\t<div class=\"elementor-element elementor-element-93d90f1 elementor-widget elementor-widget-heading\" data-id=\"93d90f1\" data-element_type=\"widget\" data-e-type=\"widget\" data-widget_type=\"heading.default\">\n\t\t\t\t<div class=\"elementor-widget-container\">\n\t\t\t\t\t<h5 class=\"elementor-heading-title elementor-size-default\">S\u00e3o a base que norteia nossa atua\u00e7\u00e3o.<\/h5>\t\t\t\t<\/div>\n\t\t\t\t<\/div>\n\t\t\t\t<div class=\"elementor-element elementor-element-820708b elementor-widget elementor-widget-text-editor\" data-id=\"820708b\" data-element_type=\"widget\" data-e-type=\"widget\" data-widget_type=\"text-editor.default\">\n\t\t\t\t<div class=\"elementor-widget-container\">\n\t\t\t\t\t\t\t\t\t<p>Eles estabelecem os princ\u00edpios, objetivos e valores que guiam cada a\u00e7\u00e3o que empreendemos. No cerne de nossos estatutos est\u00e1 o compromisso com a preserva\u00e7\u00e3o da cultura ga\u00facha, a promo\u00e7\u00e3o da educa\u00e7\u00e3o e a valoriza\u00e7\u00e3o do patrim\u00f4nio hist\u00f3rico relacionado ao Negrinho do Pastoreio.<\/p><p>Explore nossos estatutos para compreender melhor a base que sustenta nosso compromisso com a cultura ga\u00facha e o Negrinho do Pastoreio. Junte-se a n\u00f3s nessa jornada de preserva\u00e7\u00e3o e celebra\u00e7\u00e3o da rica heran\u00e7a que molda nossa identidade.<\/p>\t\t\t\t\t\t\t\t<\/div>\n\t\t\t\t<\/div>\n\t\t\t\t\t<\/div>\n\t\t<\/div>\n\t\t\t\t\t<\/div>\n\t\t<\/section>\n\t\t\t\t<\/div>\n\t\t","protected":false},"excerpt":{"rendered":"<p>Estatutos Acesse aqui os arquivos pdf dos estatutos do Instituto NEGRINHO-PASTOREIO-ESTATUTO-PG-01.pdf NEGRINHO-PASTOREIO-ESTATUTO-PG-02.pdf NEGRINHO-PASTOREIO-ESTATUTO-PG-03.pdf NEGRINHO-PASTOREIO-ESTATUTO-PG-04.pdf NEGRINHO-PASTOREIO-ESTATUTO-PG-05.pdf NEGRINHO-PASTOREIO-ESTATUTO-PG-06.pdf Estatutos do Instituto e Piquete Negrino do Pastoreio S\u00e3o a base que norteia nossa atua\u00e7\u00e3o. Eles estabelecem os princ\u00edpios, objetivos e valores que guiam cada a\u00e7\u00e3o que empreendemos. No cerne de nossos estatutos est\u00e1 o compromisso com a preserva\u00e7\u00e3o [&hellip;]<\/p>\n","protected":false},"author":1,"featured_media":0,"parent":0,"menu_order":0,"comment_status":"closed","ping_status":"closed","template":"","meta":{"site-sidebar-layout":"no-sidebar","site-content-layout":"page-builder","ast-site-content-layout":"full-width-container","site-content-style":"unboxed","site-sidebar-style":"unboxed","ast-global-header-display":"","ast-banner-title-visibility":"","ast-main-header-display":"","ast-hfb-above-header-display":"","ast-hfb-below-header-display":"","ast-hfb-mobile-header-display":"","site-post-title":"disabled","ast-breadcrumbs-content":"","ast-featured-img":"disabled","footer-sml-layout":"","theme-transparent-header-meta":"enabled","adv-header-id-meta":"","stick-header-meta":"","header-above-stick-meta":"","header-main-stick-meta":"","header-below-stick-meta":"","astra-migrate-meta-layouts":"set","ast-page-background-enabled":"default","ast-page-background-meta":{"desktop":{"background-color":"","background-image":"","background-repeat":"repeat","background-position":"center center","background-size":"auto","background-attachment":"scroll","background-type":"","background-media":"","overlay-type":"","overlay-color":"","overlay-opacity":"","overlay-gradient":""},"tablet":{"background-color":"","background-image":"","background-repeat":"repeat","background-position":"center center","background-size":"auto","background-attachment":"scroll","background-type":"","background-media":"","overlay-type":"","overlay-color":"","overlay-opacity":"","overlay-gradient":""},"mobile":{"background-color":"","background-image":"","background-repeat":"repeat","background-position":"center center","background-size":"auto","background-attachment":"scroll","background-type":"","background-media":"","overlay-type":"","overlay-color":"","overlay-opacity":"","overlay-gradient":""}},"ast-content-background-meta":{"desktop":{"background-color":"var(--ast-global-color-5)","background-image":"","background-repeat":"repeat","background-position":"center center","background-size":"auto","background-attachment":"scroll","background-type":"","background-media":"","overlay-type":"","overlay-color":"","overlay-opacity":"","overlay-gradient":""},"tablet":{"background-color":"var(--ast-global-color-5)","background-image":"","background-repeat":"repeat","background-position":"center center","background-size":"auto","background-attachment":"scroll","background-type":"","background-media":"","overlay-type":"","overlay-color":"","overlay-opacity":"","overlay-gradient":""},"mobile":{"background-color":"var(--ast-global-color-5)","background-image":"","background-repeat":"repeat","background-position":"center center","background-size":"auto","background-attachment":"scroll","background-type":"","background-media":"","overlay-type":"","overlay-color":"","overlay-opacity":"","overlay-gradient":""}},"footnotes":""},"class_list":["post-25429","page","type-page","status-publish","hentry"],"_links":{"self":[{"href":"https:\/\/institutondopastoreio.com.br\/index.php?rest_route=\/wp\/v2\/pages\/25429","targetHints":{"allow":["GET"]}}],"collection":[{"href":"https:\/\/institutondopastoreio.com.br\/index.php?rest_route=\/wp\/v2\/pages"}],"about":[{"href":"https:\/\/institutondopastoreio.com.br\/index.php?rest_route=\/wp\/v2\/types\/page"}],"author":[{"embeddable":true,"href":"https:\/\/institutondopastoreio.com.br\/index.php?rest_route=\/wp\/v2\/users\/1"}],"replies":[{"embeddable":true,"href":"https:\/\/institutondopastoreio.com.br\/index.php?rest_route=%2Fwp%2Fv2%2Fcomments&post=25429"}],"version-history":[{"count":0,"href":"https:\/\/institutondopastoreio.com.br\/index.php?rest_route=\/wp\/v2\/pages\/25429\/revisions"}],"wp:attachment":[{"href":"https:\/\/institutondopastoreio.com.br\/index.php?rest_route=%2Fwp%2Fv2%2Fmedia&parent=25429"}],"curies":[{"name":"wp","href":"https:\/\/api.w.org\/{rel}","templated":true}]}}