{"id":25070,"date":"2018-12-07T12:51:06","date_gmt":"2018-12-07T12:51:06","guid":{"rendered":"https:\/\/institutondopastoreio.com.br\/site\/?page_id=25070"},"modified":"2023-11-17T22:16:19","modified_gmt":"2023-11-17T22:16:19","slug":"projetos","status":"publish","type":"page","link":"https:\/\/institutondopastoreio.com.br\/?page_id=25070","title":{"rendered":"Projetos"},"content":{"rendered":"\t\t<div data-elementor-type=\"wp-post\" data-elementor-id=\"25070\" class=\"elementor elementor-25070\" data-elementor-post-type=\"page\">\n\t\t\t\t\t\t<section class=\"elementor-section elementor-top-section elementor-element elementor-element-65ddfad3 elementor-section-boxed elementor-section-height-default elementor-section-height-default\" data-id=\"65ddfad3\" data-element_type=\"section\" data-e-type=\"section\" data-settings=\"{&quot;background_background&quot;:&quot;classic&quot;}\">\n\t\t\t\t\t\t\t<div class=\"elementor-background-overlay\"><\/div>\n\t\t\t\t\t\t\t<div class=\"elementor-container elementor-column-gap-default\">\n\t\t\t\t\t<div class=\"elementor-column elementor-col-100 elementor-top-column elementor-element elementor-element-c947ffe\" data-id=\"c947ffe\" data-element_type=\"column\" data-e-type=\"column\">\n\t\t\t<div class=\"elementor-widget-wrap elementor-element-populated\">\n\t\t\t\t\t\t<div class=\"elementor-element elementor-element-35eed52 elementor-widget elementor-widget-image-box\" data-id=\"35eed52\" data-element_type=\"widget\" data-e-type=\"widget\" data-widget_type=\"image-box.default\">\n\t\t\t\t<div class=\"elementor-widget-container\">\n\t\t\t\t\t<div class=\"elementor-image-box-wrapper\"><div class=\"elementor-image-box-content\"><h1 class=\"elementor-image-box-title\">Projetos<\/h1><\/div><\/div>\t\t\t\t<\/div>\n\t\t\t\t<\/div>\n\t\t\t\t\t<\/div>\n\t\t<\/div>\n\t\t\t\t\t<\/div>\n\t\t<\/section>\n\t\t\t\t<section class=\"elementor-section elementor-top-section elementor-element elementor-element-rt0btl2 elementor-section-content-middle elementor-section-boxed elementor-section-height-default elementor-section-height-default\" data-id=\"rt0btl2\" data-element_type=\"section\" data-e-type=\"section\" data-settings=\"{&quot;background_background&quot;:&quot;classic&quot;}\">\n\t\t\t\t\t\t\t<div class=\"elementor-background-overlay\"><\/div>\n\t\t\t\t\t\t\t<div class=\"elementor-container elementor-column-gap-no\">\n\t\t\t\t\t<div class=\"elementor-column elementor-col-50 elementor-top-column elementor-element elementor-element-d5abc8a\" data-id=\"d5abc8a\" data-element_type=\"column\" data-e-type=\"column\">\n\t\t\t<div class=\"elementor-widget-wrap elementor-element-populated\">\n\t\t\t\t\t\t<div class=\"elementor-element elementor-element-78825ce elementor-widget elementor-widget-image\" data-id=\"78825ce\" data-element_type=\"widget\" data-e-type=\"widget\" data-widget_type=\"image.default\">\n\t\t\t\t<div class=\"elementor-widget-container\">\n\t\t\t\t\t\t\t\t\t\t\t\t\t\t\t<img fetchpriority=\"high\" decoding=\"async\" width=\"596\" height=\"1024\" src=\"https:\/\/institutondopastoreio.com.br\/wp-content\/uploads\/2023\/11\/aureliano-596x1024-1.jpg\" class=\"attachment-full size-full wp-image-25379\" alt=\"\" srcset=\"https:\/\/institutondopastoreio.com.br\/wp-content\/uploads\/2023\/11\/aureliano-596x1024-1.jpg 596w, https:\/\/institutondopastoreio.com.br\/wp-content\/uploads\/2023\/11\/aureliano-596x1024-1-175x300.jpg 175w\" sizes=\"(max-width: 596px) 100vw, 596px\" \/>\t\t\t\t\t\t\t\t\t\t\t\t\t\t\t<\/div>\n\t\t\t\t<\/div>\n\t\t\t\t<div class=\"elementor-element elementor-element-ea76803 elementor-widget elementor-widget-image\" data-id=\"ea76803\" data-element_type=\"widget\" data-e-type=\"widget\" data-widget_type=\"image.default\">\n\t\t\t\t<div class=\"elementor-widget-container\">\n\t\t\t\t\t\t\t\t\t\t\t\t\t\t\t<img decoding=\"async\" width=\"567\" height=\"319\" src=\"https:\/\/institutondopastoreio.com.br\/wp-content\/uploads\/2023\/11\/aureliano3.jpg\" class=\"attachment-large size-large wp-image-25380\" alt=\"\" srcset=\"https:\/\/institutondopastoreio.com.br\/wp-content\/uploads\/2023\/11\/aureliano3.jpg 567w, https:\/\/institutondopastoreio.com.br\/wp-content\/uploads\/2023\/11\/aureliano3-300x169.jpg 300w\" sizes=\"(max-width: 567px) 100vw, 567px\" \/>\t\t\t\t\t\t\t\t\t\t\t\t\t\t\t<\/div>\n\t\t\t\t<\/div>\n\t\t\t\t<div class=\"elementor-element elementor-element-c8eeb95 elementor-widget elementor-widget-video\" data-id=\"c8eeb95\" data-element_type=\"widget\" data-e-type=\"widget\" data-settings=\"{&quot;youtube_url&quot;:&quot;https:\\\/\\\/youtu.be\\\/FbTd3TpE-ps&quot;,&quot;video_type&quot;:&quot;youtube&quot;,&quot;controls&quot;:&quot;yes&quot;}\" data-widget_type=\"video.default\">\n\t\t\t\t<div class=\"elementor-widget-container\">\n\t\t\t\t\t\t\t<div class=\"elementor-wrapper elementor-open-inline\">\n\t\t\t<div class=\"elementor-video\"><\/div>\t\t<\/div>\n\t\t\t\t\t\t<\/div>\n\t\t\t\t<\/div>\n\t\t\t\t\t<\/div>\n\t\t<\/div>\n\t\t\t\t<div class=\"elementor-column elementor-col-50 elementor-top-column elementor-element elementor-element-1f377f6\" data-id=\"1f377f6\" data-element_type=\"column\" data-e-type=\"column\">\n\t\t\t<div class=\"elementor-widget-wrap elementor-element-populated\">\n\t\t\t\t\t\t<div class=\"elementor-element elementor-element-91cf7de elementor-widget elementor-widget-heading\" data-id=\"91cf7de\" data-element_type=\"widget\" data-e-type=\"widget\" data-widget_type=\"heading.default\">\n\t\t\t\t<div class=\"elementor-widget-container\">\n\t\t\t\t\t<h2 class=\"elementor-heading-title elementor-size-default\">PROJETO AURELIANO DE FIGUEIREDO PINTO \u2013 SANTIAGO DO BOQUEIR\u00c3O, RS.<\/h2>\t\t\t\t<\/div>\n\t\t\t\t<\/div>\n\t\t\t\t<div class=\"elementor-element elementor-element-a16f8e5 elementor-widget elementor-widget-text-editor\" data-id=\"a16f8e5\" data-element_type=\"widget\" data-e-type=\"widget\" data-widget_type=\"text-editor.default\">\n\t\t\t\t<div class=\"elementor-widget-container\">\n\t\t\t\t\t\t\t\t\t<p>Este e um projeto elaborado pelo Instituto Piquete Negrinho do Pastoreio, pela produtora cultural Vera Munhoz e o artista pl\u00e1stico Tadeu Martins, ser\u00e1 realizado na rua dos Poetas em Santiago do Boqueir\u00e3o-RS.<\/p>\t\t\t\t\t\t\t\t<\/div>\n\t\t\t\t<\/div>\n\t\t\t\t<div class=\"elementor-element elementor-element-d59424d elementor-widget elementor-widget-text-editor\" data-id=\"d59424d\" data-element_type=\"widget\" data-e-type=\"widget\" data-widget_type=\"text-editor.default\">\n\t\t\t\t<div class=\"elementor-widget-container\">\n\t\t\t\t\t\t\t\t\t<p><em><strong>Aureliano de Figueiredo Pinto\u00a0<\/strong><\/em>foi um m\u00e9dico, jornalista, poeta, historiador e escritor brasileiro e\u00a0 \u00e9 reconhecidamente um dos mais representativos poetas gauchescos do Rio Grande do Sul e viveu no per\u00edodo de 1898 a 1959.<\/p><p>Embora homem culto pela sua forma\u00e7\u00e3o, leitor dos cl\u00e1ssicos nacionais e estrangeiros, soube misturar os linguajares culto e popular com maestria, transitando assim em diferentes n\u00edveis da sociedade.<\/p><p>Talvez mesmo pela sua liga\u00e7\u00e3o com a poesia escolheu a cidade de Santiago do Boqueir\u00e3o, RS para viver. Santiago \u00e9 conhecida como a cidade dos poetas.<\/p><p>Oriundo de Santiago \u00e9 tamb\u00e9m Ramiro Barcelos, escritor do poema Antonio Chimango, recentemente adaptado a um musical pela OSPA e apresentado no TSP em 2014.<\/p>\t\t\t\t\t\t\t\t<\/div>\n\t\t\t\t<\/div>\n\t\t\t\t\t<\/div>\n\t\t<\/div>\n\t\t\t\t\t<\/div>\n\t\t<\/section>\n\t\t\t\t<\/div>\n\t\t","protected":false},"excerpt":{"rendered":"<p>Projetos PROJETO AURELIANO DE FIGUEIREDO PINTO \u2013 SANTIAGO DO BOQUEIR\u00c3O, RS. Este e um projeto elaborado pelo Instituto Piquete Negrinho do Pastoreio, pela produtora cultural Vera Munhoz e o artista pl\u00e1stico Tadeu Martins, ser\u00e1 realizado na rua dos Poetas em Santiago do Boqueir\u00e3o-RS. Aureliano de Figueiredo Pinto\u00a0foi um m\u00e9dico, jornalista, poeta, historiador e escritor brasileiro [&hellip;]<\/p>\n","protected":false},"author":1,"featured_media":0,"parent":0,"menu_order":0,"comment_status":"closed","ping_status":"closed","template":"","meta":{"site-sidebar-layout":"no-sidebar","site-content-layout":"page-builder","ast-site-content-layout":"full-width-container","site-content-style":"unboxed","site-sidebar-style":"unboxed","ast-global-header-display":"","ast-banner-title-visibility":"","ast-main-header-display":"","ast-hfb-above-header-display":"","ast-hfb-below-header-display":"","ast-hfb-mobile-header-display":"","site-post-title":"disabled","ast-breadcrumbs-content":"","ast-featured-img":"disabled","footer-sml-layout":"","theme-transparent-header-meta":"enabled","adv-header-id-meta":"","stick-header-meta":"","header-above-stick-meta":"","header-main-stick-meta":"","header-below-stick-meta":"","astra-migrate-meta-layouts":"set","ast-page-background-enabled":"default","ast-page-background-meta":{"desktop":{"background-color":"","background-image":"","background-repeat":"repeat","background-position":"center center","background-size":"auto","background-attachment":"scroll","background-type":"","background-media":"","overlay-type":"","overlay-color":"","overlay-opacity":"","overlay-gradient":""},"tablet":{"background-color":"","background-image":"","background-repeat":"repeat","background-position":"center center","background-size":"auto","background-attachment":"scroll","background-type":"","background-media":"","overlay-type":"","overlay-color":"","overlay-opacity":"","overlay-gradient":""},"mobile":{"background-color":"","background-image":"","background-repeat":"repeat","background-position":"center center","background-size":"auto","background-attachment":"scroll","background-type":"","background-media":"","overlay-type":"","overlay-color":"","overlay-opacity":"","overlay-gradient":""}},"ast-content-background-meta":{"desktop":{"background-color":"var(--ast-global-color-5)","background-image":"","background-repeat":"repeat","background-position":"center center","background-size":"auto","background-attachment":"scroll","background-type":"","background-media":"","overlay-type":"","overlay-color":"","overlay-opacity":"","overlay-gradient":""},"tablet":{"background-color":"var(--ast-global-color-5)","background-image":"","background-repeat":"repeat","background-position":"center center","background-size":"auto","background-attachment":"scroll","background-type":"","background-media":"","overlay-type":"","overlay-color":"","overlay-opacity":"","overlay-gradient":""},"mobile":{"background-color":"var(--ast-global-color-5)","background-image":"","background-repeat":"repeat","background-position":"center center","background-size":"auto","background-attachment":"scroll","background-type":"","background-media":"","overlay-type":"","overlay-color":"","overlay-opacity":"","overlay-gradient":""}},"footnotes":""},"class_list":["post-25070","page","type-page","status-publish","hentry"],"_links":{"self":[{"href":"https:\/\/institutondopastoreio.com.br\/index.php?rest_route=\/wp\/v2\/pages\/25070","targetHints":{"allow":["GET"]}}],"collection":[{"href":"https:\/\/institutondopastoreio.com.br\/index.php?rest_route=\/wp\/v2\/pages"}],"about":[{"href":"https:\/\/institutondopastoreio.com.br\/index.php?rest_route=\/wp\/v2\/types\/page"}],"author":[{"embeddable":true,"href":"https:\/\/institutondopastoreio.com.br\/index.php?rest_route=\/wp\/v2\/users\/1"}],"replies":[{"embeddable":true,"href":"https:\/\/institutondopastoreio.com.br\/index.php?rest_route=%2Fwp%2Fv2%2Fcomments&post=25070"}],"version-history":[{"count":0,"href":"https:\/\/institutondopastoreio.com.br\/index.php?rest_route=\/wp\/v2\/pages\/25070\/revisions"}],"wp:attachment":[{"href":"https:\/\/institutondopastoreio.com.br\/index.php?rest_route=%2Fwp%2Fv2%2Fmedia&parent=25070"}],"curies":[{"name":"wp","href":"https:\/\/api.w.org\/{rel}","templated":true}]}}